{"id":414,"date":"2017-05-03T19:40:18","date_gmt":"2017-05-03T19:40:18","guid":{"rendered":"http:\/\/www.hloos.com.ar\/nuevo\/?page_id=414"},"modified":"2021-06-07T18:32:46","modified_gmt":"2021-06-07T21:32:46","slug":"iluminacion-led","status":"publish","type":"page","link":"https:\/\/www.hloos.com.ar\/index.php\/energias-renovables\/iluminacion-led\/","title":{"rendered":"Iluminaci\u00f3n LED"},"content":{"rendered":"[vc_row][vc_column][vc_column_text]\n<h4><span style=\"color: #000000;\">SUSTENTABILIDAD &#8211; Iluminaci\u00f3n LED<\/span><\/h4>\n[\/vc_column_text][vc_row_inner equal_height=&#8221;yes&#8221; content_placement=&#8221;top&#8221;][vc_column_inner width=&#8221;1\/2&#8243;][vc_single_image image=&#8221;425&#8243; img_size=&#8221;full&#8221;][\/vc_column_inner][vc_column_inner width=&#8221;1\/2&#8243;][vc_column_text]<span style=\"color: #000000;\"><strong>&#8211; AHORRO ENERG\u00c9TICO:<\/strong> Los sistemas de iluminaci\u00f3n LED ahorran hasta un 70 % de consumo frente a<\/span><br \/>\n<span style=\"color: #000000;\">otros sistemas de iluminaci\u00f3n.<\/span><br \/>\n<span style=\"color: #000000;\"><strong>&#8211; VIDA \u00daTIL:<\/strong> Los LEDs tienen una duraci\u00f3n de m\u00e1s de 70,000 horas. Para una empresa es muy \u00fatil bajar la<\/span><br \/>\n<span style=\"color: #000000;\">tasa de recambio de luminarias, reduciendo costos de mantenimiento y de repuestos.<\/span><br \/>\n<span style=\"color: #000000;\"><strong>&#8211; EFICIENCIA:<\/strong> Las bombillas LEDs usan 85 por ciento menos energ\u00eda que las bombillas incandescentes y hasta<\/span><br \/>\n<span style=\"color: #000000;\">50 por ciento menos energ\u00eda que las bombillas fluorescentes compactas (CFL).<\/span>[\/vc_column_text][vc_empty_space height=&#8221;1&#8243;][vc_column_text]\n<ul>\n<li>\n<h4 class=\"m_7388550107154096293MsoListParagraph\"><span style=\"color: #000000;\"><a style=\"color: #000000;\" href=\"http:\/\/www.hloos.com.ar\/wp-content\/uploads\/2017\/05\/CPN-HL-100W-OPT-120-90-60-3.pdf\" target=\"_blank\" rel=\"noopener noreferrer\">Campanas de galp\u00f3n:<\/a><\/span><\/h4>\n<p><span style=\"color: #000000;\">&#8211; Luminaria apta para Industrias , Bodegas, Locales comerciales. Este producto contiene un \u00fanico punto de luz que produce una dispersi\u00f3n angular de 120\u00ba, 90\u00ba o 60\u00ba adecuada para iluminar distintas superficies sin provocar sombras notables.<\/span><\/p>\n<p><a href=\"http:\/\/www.hloos.com.ar\/wp-content\/uploads\/2017\/05\/CPN-HL-100W-OPT-120-90-60-3.pdf\" target=\"_blank\" rel=\"noopener noreferrer\"><img loading=\"lazy\" class=\"alignnone wp-image-350 size-full\" src=\"http:\/\/www.hloos.com.ar\/wp-content\/uploads\/2017\/04\/pdf.png\" alt=\"\" width=\"76\" height=\"46\" \/><\/a><\/li>\n<\/ul>\n[\/vc_column_text][vc_empty_space height=&#8221;1&#8243;][vc_column_text]\n<ul>\n<li>\n<h4 class=\"m_7388550107154096293MsoListParagraph\"><span style=\"color: #000000;\"><a style=\"color: #000000;\" href=\"http:\/\/www.hloos.com.ar\/wp-content\/uploads\/2017\/05\/FOLLETO-LED-H-LOOS.pdf\" target=\"_blank\" rel=\"noopener noreferrer\">V\u00eda p\u00fablica y playas de operaciones:<\/a><\/span><\/h4>\n<p class=\"m_7388550107154096293MsoListParagraph\"><span style=\"color: #000000;\">&#8211; Este equipo es frecuentemente utilizado en Calles,\u00a0<\/span><span style=\"color: #000000;\">avenidas , arterias viales, playas de estacionamiento,\u00a0<\/span><span style=\"color: #000000;\">playones de operaciones y otros. Gran robustez, excelente\u00a0<\/span><span style=\"color: #000000;\">durabilidad y rendimiento.<\/span><\/p>\n<p><a href=\"http:\/\/www.hloos.com.ar\/wp-content\/uploads\/2017\/05\/FOLLETO-LED-H-LOOS.pdf\" target=\"_blank\" rel=\"noopener noreferrer\"><img loading=\"lazy\" class=\"alignnone wp-image-350 size-full\" src=\"http:\/\/www.hloos.com.ar\/nuevo\/wp-content\/uploads\/2017\/04\/pdf.png\" alt=\"\" width=\"76\" height=\"46\" \/><\/a><\/li>\n<\/ul>\n[\/vc_column_text][vc_empty_space height=&#8221;1&#8243;][vc_column_text]\n<ul>\n<li>\n<h4 class=\"m_7388550107154096293MsoListParagraph\"><span style=\"color: #000000;\"><a style=\"color: #000000;\" href=\"http:\/\/www.hloos.com.ar\/wp-content\/uploads\/2017\/05\/PROY-HL-100W-OPT-135-90-50.pdf\" target=\"_blank\" rel=\"noopener noreferrer\">Proyectores LED:<\/a><\/span><\/h4>\n<p><span style=\"color: #000000;\">&#8211; Aptos para multiples espacios abiertos, predios\u00a0<\/span><span style=\"color: #000000;\">deportivos, campos de juego. playones de operaciones.<\/span><br \/>\n<span style=\"color: #000000;\">Este producto puede producir una dispersi\u00f3n angular\u00a0<\/span><span style=\"color: #000000;\">de entre 50\u00b0 y 135\u00ba, adecuada para enfocar el flujo lum\u00ednico\u00a0<\/span><span style=\"color: #000000;\">seg\u00fan sea necesario.<\/span><\/p>\n<p><a href=\"http:\/\/www.hloos.com.ar\/wp-content\/uploads\/2017\/05\/PROY-HL-100W-OPT-135-90-50.pdf\" target=\"_blank\" rel=\"noopener noreferrer\"><img loading=\"lazy\" class=\"alignnone wp-image-350 size-full\" src=\"http:\/\/www.hloos.com.ar\/nuevo\/wp-content\/uploads\/2017\/04\/pdf.png\" alt=\"\" width=\"76\" height=\"46\" \/><\/a><\/li>\n<\/ul>\n[\/vc_column_text][vc_empty_space height=&#8221;1&#8243;]<div class=\"modal-container text-left\"><a class=\"btn btn-primary btn-modal  style-1\" href=\"#\" modal-link=\"2418\"><i class=\"\"><\/i> Env\u00edenos su consulta<\/a><\/div>[\/vc_column_inner][\/vc_row_inner][\/vc_column][\/vc_row]\n","protected":false},"excerpt":{"rendered":"<p>[vc_row][vc_column][vc_column_text] SUSTENTABILIDAD &#8211; Iluminaci\u00f3n LED [\/vc_column_text][vc_row_inner equal_height=&#8221;yes&#8221; content_placement=&#8221;top&#8221;][vc_column_inner width=&#8221;1\/2&#8243;][vc_single_image image=&#8221;425&#8243; img_size=&#8221;full&#8221;][\/vc_column_inner][vc_column_inner width=&#8221;1\/2&#8243;][vc_column_text]&#8211; AHORRO ENERG\u00c9TICO: Los sistemas de iluminaci\u00f3n LED ahorran hasta un 70 % de consumo frente a otros sistemas de iluminaci\u00f3n. &#8211; VIDA \u00daTIL: Los LEDs tienen una duraci\u00f3n de m\u00e1s de 70,000 horas. Para una empresa es muy \u00fatil bajar la tasa de&#8230;<\/p>\n<div class=\"read-more-link-wrapper\"><a class=\"read-more-link\" href=\"https:\/\/www.hloos.com.ar\/index.php\/energias-renovables\/iluminacion-led\/\">Read more<i class=\"icon-next\"><\/i><\/a><\/div>\n","protected":false},"author":1,"featured_media":0,"parent":334,"menu_order":0,"comment_status":"closed","ping_status":"closed","template":"","meta":[],"_links":{"self":[{"href":"https:\/\/www.hloos.com.ar\/index.php\/wp-json\/wp\/v2\/pages\/414"}],"collection":[{"href":"https:\/\/www.hloos.com.ar\/index.php\/wp-json\/wp\/v2\/pages"}],"about":[{"href":"https:\/\/www.hloos.com.ar\/index.php\/wp-json\/wp\/v2\/types\/page"}],"author":[{"embeddable":true,"href":"https:\/\/www.hloos.com.ar\/index.php\/wp-json\/wp\/v2\/users\/1"}],"replies":[{"embeddable":true,"href":"https:\/\/www.hloos.com.ar\/index.php\/wp-json\/wp\/v2\/comments?post=414"}],"version-history":[{"count":15,"href":"https:\/\/www.hloos.com.ar\/index.php\/wp-json\/wp\/v2\/pages\/414\/revisions"}],"predecessor-version":[{"id":902,"href":"https:\/\/www.hloos.com.ar\/index.php\/wp-json\/wp\/v2\/pages\/414\/revisions\/902"}],"up":[{"embeddable":true,"href":"https:\/\/www.hloos.com.ar\/index.php\/wp-json\/wp\/v2\/pages\/334"}],"wp:attachment":[{"href":"https:\/\/www.hloos.com.ar\/index.php\/wp-json\/wp\/v2\/media?parent=414"}],"curies":[{"name":"wp","href":"https:\/\/api.w.org\/{rel}","templated":true}]}}