{"id":356,"date":"2017-04-10T15:46:40","date_gmt":"2017-04-10T15:46:40","guid":{"rendered":"http:\/\/www.hloos.com.ar\/nuevo\/?page_id=356"},"modified":"2021-06-07T17:08:33","modified_gmt":"2021-06-07T20:08:33","slug":"movimiento-de-suelo","status":"publish","type":"page","link":"https:\/\/www.hloos.com.ar\/index.php\/movimiento-de-suelo\/","title":{"rendered":"XCMG Movimiento de suelo"},"content":{"rendered":"[vc_row][vc_column][vc_column_text]\n<section class=\"title-image\">\n<header>\n<h4><span style=\"color: #000000;\">Tenemos la misi\u00f3n de explorar la tecnolog\u00eda de ingenier\u00eda y proporcionar soluciones para la construcci\u00f3n global y el desarrollo sostenible.<\/span><\/h4>\n<\/header>\n<\/section>\n[\/vc_column_text][\/vc_column][\/vc_row][vc_row][vc_column width=&#8221;1\/2&#8243;][vc_single_image image=&#8221;743&#8243; img_size=&#8221;500&#215;500&#8243;][\/vc_column][vc_column width=&#8221;1\/2&#8243;][vc_tta_accordion active_section=&#8221;&#8221; collapsible_all=&#8221;true&#8221;][vc_tta_section title=&#8221;Minicargador&#8221; tab_id=&#8221;1493226579134-a99a8597-bdabce49-d54a1e4e-16f5&#8243;]<div class=\"table-responsive table-style-1\">\n<table width=\"331\">\n<thead>\n<tr>\n<td width=\"96\"><strong>Modelo<\/strong><\/td>\n<td width=\"150\"><strong>Especificaciones<\/strong><\/td>\n<td width=\"85\"><strong>Motor<\/strong><\/td>\n<\/tr>\n<\/thead>\n<tbody>\n<tr>\n<td width=\"96\">XT740<\/td>\n<td width=\"150\">Balde 0.3 m3<\/td>\n<td width=\"85\">Zhejiang 50 HP<\/td>\n<\/tr>\n<\/tbody>\n<\/table>\n<\/div>[\/vc_tta_section][vc_tta_section title=&#8221;Rodillos Vibro &#8211; Compactadores &#8221; tab_id=&#8221;1495559896517-6399b52f-bab3&#8243;]<div class=\"table-responsive table-style-1\">\n<table width=\"331\">\n<thead>\n<tr>\n<td width=\"96\"><strong>Modelo<\/strong><\/td>\n<td width=\"150\"><strong>Especificaciones<\/strong><\/td>\n<td width=\"85\"><strong>Motor<\/strong><\/td>\n<\/tr>\n<\/thead>\n<tbody>\n<tr>\n<td width=\"96\">ZL12<\/td>\n<td width=\"150\">Balde 0.5 m3<\/td>\n<td width=\"85\">Yuchai 93 HP<\/td>\n<\/tr>\n<tr>\n<td width=\"96\">ZL20G<\/td>\n<td width=\"150\">Balde 1.0 m3<\/td>\n<td width=\"85\">Yuchai 93 HP<\/td>\n<\/tr>\n<\/tbody>\n<\/table>\n<\/div>[\/vc_tta_section][vc_tta_section title=&#8221;Cargadores frontales de 1.0 a 2.1 m\u00b3&#8221; tab_id=&#8221;1495560060932-d7f2dfde-bd9f&#8221;]<div class=\"table-responsive table-style-1\">\n<table width=\"331\">\n<thead>\n<tr>\n<td width=\"96\"><strong>Modelo<\/strong><\/td>\n<td width=\"150\"><strong>Especificaciones<\/strong><\/td>\n<td width=\"85\"><strong>Motor<\/strong><\/td>\n<\/tr>\n<\/thead>\n<tbody>\n<tr>\n<td width=\"96\">ZL30F AA<\/td>\n<td width=\"150\">Balde 2.1 m3 Aire Acond<\/td>\n<td width=\"85\">Yuchai 135 HP<\/td>\n<\/tr>\n<tr>\n<td width=\"96\">ZL30G<\/td>\n<td width=\"150\">Balde 2.1 m3 Aire Acond &#8211; Pilot Ctrl<\/td>\n<td width=\"85\">Yuchai 135 HP<\/td>\n<\/tr>\n<tr>\n<td width=\"96\">ZL35 S<\/td>\n<td width=\"150\">Balde 2.4 m3 Aire Acond &#8211; Pilot Ctrl &#8211; Trans El\u00e9c.<\/td>\n<td width=\"85\">Deutz T. 145 HP<\/td>\n<\/tr>\n<\/tbody>\n<\/table>\n<\/div>[\/vc_tta_section][vc_tta_section title=&#8221;Cargadores frontales de 3.0 a 4.0 m\u00b3&#8221; tab_id=&#8221;1495560198356-c36d2f4d-17cb&#8221;]<div class=\"table-responsive table-style-1\">\n<table width=\"331\">\n<thead>\n<tr>\n<td width=\"96\"><strong>Modelo<\/strong><\/td>\n<td width=\"150\"><strong>Especificaciones<\/strong><\/td>\n<td width=\"85\"><strong>Motor<\/strong><\/td>\n<\/tr>\n<\/thead>\n<tbody>\n<tr>\n<td width=\"96\">XCMG ZL50GN<\/td>\n<td width=\"150\">Balde 3.0 m3 Aire Acond &#8211; Pilot Ctrl &#8211; Trans El\u00e9c 2+1<\/td>\n<td width=\"85\">Shanghai Cat &#8211; 217 HP<\/td>\n<\/tr>\n<tr>\n<td width=\"96\">XCMG ZL60G<\/td>\n<td width=\"150\">Balde 4.0 m3 Aire Acond &#8211; Pilot Ctrl &#8211; Trans El\u00e9c<\/td>\n<td width=\"85\">Shanghai Cat &#8211; 278 HP<\/td>\n<\/tr>\n<\/tbody>\n<\/table>\n<\/div>[\/vc_tta_section][vc_tta_section title=&#8221;Retroexcavadoras&#8221; tab_id=&#8221;1495560527392-c11acf8b-709d&#8221;]<div class=\"table-responsive table-style-1\">\n<table width=\"331\">\n<thead>\n<tr>\n<td width=\"96\"><strong>Modelo<\/strong><\/td>\n<td width=\"150\"><strong>Especificaciones<\/strong><\/td>\n<td width=\"85\"><strong>Motor<\/strong><\/td>\n<\/tr>\n<\/thead>\n<tbody>\n<tr>\n<td width=\"96\">XCMG XT864<\/td>\n<td width=\"150\">Balde 0.8 m3 | 0.3 m3<\/td>\n<td width=\"85\">Yuchai 80 HP<\/td>\n<\/tr>\n<tr>\n<td width=\"96\">XCMG W23025<\/td>\n<td width=\"150\">Balde 1.0 m3 | 0.3 m3<\/td>\n<td width=\"85\">Yuchai 93 HP<\/td>\n<\/tr>\n<tr>\n<td width=\"96\">XCMG XT870<\/td>\n<td width=\"150\">Balde 1.0 m3 | 0.3 m3 &#8211; Trans. Carraro (Italy)<\/td>\n<td width=\"85\">90 HP<\/td>\n<\/tr>\n<\/tbody>\n<\/table>\n<\/div>[\/vc_tta_section][vc_tta_section title=&#8221;Rodillos Vibro &#8211; Compactadores&#8221; tab_id=&#8221;1495560303941-6bc72900-112d&#8221;]<div class=\"table-responsive table-style-1\">\n<table width=\"331\">\n<thead>\n<tr>\n<td width=\"96\"><strong>Modelo<\/strong><\/td>\n<td width=\"150\"><strong>Especificaciones<\/strong><\/td>\n<td width=\"85\"><strong>Motor<\/strong><\/td>\n<\/tr>\n<\/thead>\n<tbody>\n<tr>\n<td width=\"96\">XCMG CV140T PDK<\/td>\n<td width=\"150\">14 Tons + Kit pata de cabra &#8211; Trans Manual<\/td>\n<td width=\"85\">Yuchai 152 HP<\/td>\n<\/tr>\n<tr>\n<td width=\"96\">XCMG CV80 PDK<\/td>\n<td width=\"150\">8 Tons | Hidrost\u00e1tico + Kit pata de cabra | Trans Hidros<\/td>\n<td width=\"85\">Cummins 110 HP<\/td>\n<\/tr>\n<tr>\n<td width=\"96\">XCMG CV120 PDK<\/td>\n<td width=\"150\">12 Tons | Hidrost\u00e1tico + Kit pata de cabra | Trans Hidros<\/td>\n<td width=\"85\">Cummins 152 HP<\/td>\n<\/tr>\n<\/tbody>\n<\/table>\n<\/div>[\/vc_tta_section][vc_tta_section title=&#8221;Rodillos Compactadores Neum\u00e1ticos&#8221; tab_id=&#8221;1495560665586-ee9640bc-b86d&#8221;]<div class=\"table-responsive table-style-1\">\n<table width=\"331\">\n<thead>\n<tr>\n<td width=\"150\"><strong>Modelo<\/strong><\/td>\n<td width=\"181\"><strong>Especificaciones<\/strong><\/td>\n<\/tr>\n<\/thead>\n<tbody>\n<tr>\n<td width=\"150\">XCMG YL16C<\/td>\n<td width=\"181\">16 Tons &#8211; 9 ruedas<\/td>\n<\/tr>\n<tr>\n<td width=\"150\">XCMG YL20C<\/td>\n<td width=\"181\">20 tons &#8211; 9 ruedas<\/td>\n<\/tr>\n<tr>\n<td width=\"150\">XCMG XP261<\/td>\n<td width=\"181\">26 tons &#8211; 11 ruedas<\/td>\n<\/tr>\n<tr>\n<td width=\"150\">XCMG XP301<\/td>\n<td width=\"181\">30 tons &#8211; 11 ruedas<\/td>\n<\/tr>\n<\/tbody>\n<\/table>\n<\/div>[\/vc_tta_section][vc_tta_section title=&#8221;Topadoras&#8221; tab_id=&#8221;1495561404193-e0709d69-11d5&#8243;]<div class=\"table-responsive table-style-1\">\n<table width=\"331\">\n<thead>\n<tr>\n<td width=\"96\"><strong>Modelo<\/strong><\/td>\n<td width=\"150\"><strong>Especificaciones<\/strong><\/td>\n<td width=\"85\"><strong>Motor<\/strong><\/td>\n<\/tr>\n<\/thead>\n<tbody>\n<tr>\n<td width=\"96\">IRON D6<\/td>\n<td width=\"150\">16 Tons &#8211; Tecnolog\u00eda Cat<\/td>\n<td width=\"85\">175 HP Lic. Cat 3306<\/td>\n<\/tr>\n<tr>\n<td width=\"96\">D7<\/td>\n<td width=\"150\">23,8 Tons &#8211; Tecnolog\u00eda Cat<\/td>\n<td width=\"85\">226 HP Lic. Cat 3306<\/td>\n<\/tr>\n<tr>\n<td width=\"96\">D61<\/td>\n<td width=\"150\">14,2 Tons &#8211; Tecnolog\u00eda Komatsu<\/td>\n<td width=\"85\">130 HP Lic. Cat 3306<\/td>\n<\/tr>\n<tr>\n<td width=\"96\">D65<\/td>\n<td width=\"150\">17,4 Tons &#8211; Tecnolog\u00eda Komatsu<\/td>\n<td width=\"85\">175 HP Lic. Cat 3306<\/td>\n<\/tr>\n<tr>\n<td width=\"96\">D85<\/td>\n<td width=\"150\">28,5 Tons &#8211; Tecnolog\u00eda Komatsu<\/td>\n<td width=\"85\">Cummins 230 HP<\/td>\n<\/tr>\n<tr>\n<td width=\"96\">D115<\/td>\n<td width=\"150\">37 Tons &#8211; Tecnolog\u00eda Komatsu<\/td>\n<td width=\"85\">Cummins 315 HP<\/td>\n<\/tr>\n<\/tbody>\n<\/table>\n<\/div>[\/vc_tta_section][vc_tta_section title=&#8221;Motoniveladoras&#8221; tab_id=&#8221;1495561146340-fcddd81d-a5d8&#8243;]<div class=\"table-responsive table-style-1\">\n<table width=\"331\">\n<thead>\n<tr>\n<td width=\"96\"><strong>Modelo<\/strong><\/td>\n<td width=\"150\"><strong>Especificaciones<\/strong><\/td>\n<td width=\"85\"><strong>Motor<\/strong><\/td>\n<\/tr>\n<\/thead>\n<tbody>\n<tr>\n<td width=\"96\">GR135<\/td>\n<td width=\"150\">11 tons<\/td>\n<td width=\"85\">135 HP<\/td>\n<\/tr>\n<tr>\n<td width=\"96\">GR165<\/td>\n<td width=\"150\">15 tons<\/td>\n<td width=\"85\">170 HP<\/td>\n<\/tr>\n<tr>\n<td width=\"96\">GR180<\/td>\n<td width=\"150\">15,4 tons<\/td>\n<td width=\"85\">180 HP Lic. Cat 3306<\/td>\n<\/tr>\n<tr>\n<td width=\"96\">GR215<\/td>\n<td width=\"150\">17 tons<\/td>\n<td width=\"85\">215 HP Lic. Cat 3306<\/td>\n<\/tr>\n<\/tbody>\n<\/table>\n<\/div>[\/vc_tta_section][vc_tta_section title=&#8221;Excavadoras&#8221; tab_id=&#8221;1495561563354-66a278a1-900e&#8221;]<div class=\"table-responsive table-style-1\">\n<table width=\"331\">\n<thead>\n<tr>\n<td width=\"96\"><strong>Modelo<\/strong><\/td>\n<td width=\"150\"><strong>Especificaciones<\/strong><\/td>\n<td width=\"85\"><strong>Motor<\/strong><\/td>\n<\/tr>\n<\/thead>\n<tbody>\n<tr>\n<td width=\"96\">215C<\/td>\n<td width=\"150\">21 tons &#8211; Balde 0.9 m3<\/td>\n<td width=\"85\">Isuzu Japan &#8211; 160 HP<\/td>\n<\/tr>\n<tr>\n<td width=\"96\">230E<\/td>\n<td width=\"150\">22 tons &#8211; Balde 1.0 m3<\/td>\n<td width=\"85\">Isuzu Japan &#8211; 160 HP<\/td>\n<\/tr>\n<tr>\n<td width=\"96\">330E<\/td>\n<td width=\"150\">31 tons &#8211; Balde 2.0 m3<\/td>\n<td width=\"85\">Isuzu Japan &#8211; 270 HP<\/td>\n<\/tr>\n<\/tbody>\n<\/table>\n<\/div>[\/vc_tta_section][vc_tta_section title=&#8221;Manipuladores Telesc\u00f3picos&#8221; tab_id=&#8221;1495561334361-9daea101-4bfb&#8221;]<div class=\"table-responsive table-style-1\">\n<table width=\"331\">\n<thead>\n<tr>\n<td width=\"96\"><strong>Modelo<\/strong><\/td>\n<td width=\"150\"><strong>Especificaciones<\/strong><\/td>\n<td width=\"85\"><strong>Motor<\/strong><\/td>\n<\/tr>\n<\/thead>\n<tbody>\n<tr>\n<td width=\"96\">XT670-140<\/td>\n<td width=\"150\">3.5 tons &#8211; 14 mts<\/td>\n<td width=\"85\">Deutz 100 HP<\/td>\n<\/tr>\n<\/tbody>\n<\/table>\n<\/div>[\/vc_tta_section][vc_tta_section title=&#8221;Gr\u00faas sobre Cami\u00f3n&#8221; tab_id=&#8221;1495560955683-86730d93-9014&#8243;]<div class=\"table-responsive table-style-1\">\n<table width=\"331\">\n<thead>\n<tr>\n<td width=\"96\"><strong>Modelo<\/strong><\/td>\n<td width=\"150\"><strong>Especificaciones<\/strong><\/td>\n<td width=\"85\"><strong>Motor<\/strong><\/td>\n<\/tr>\n<\/thead>\n<tbody>\n<tr>\n<td width=\"96\">15T<\/td>\n<td width=\"150\">15 tons<\/td>\n<td width=\"85\">Lic. Cat 3306<\/td>\n<\/tr>\n<tr>\n<td width=\"96\">25T<\/td>\n<td width=\"150\">25 tons<\/td>\n<td width=\"85\">Lic. Cat 3306<\/td>\n<\/tr>\n<tr>\n<td width=\"96\">70T<\/td>\n<td width=\"150\">70 tons<\/td>\n<td width=\"85\">Cummins<\/td>\n<\/tr>\n<tr>\n<td width=\"96\">100T<\/td>\n<td width=\"150\">100 tons<\/td>\n<td width=\"85\">Cummins<\/td>\n<\/tr>\n<tr>\n<td width=\"96\">130T<\/td>\n<td width=\"150\">130 tons<\/td>\n<td width=\"85\">Cummins<\/td>\n<\/tr>\n<tr>\n<td width=\"96\">160T<\/td>\n<td width=\"150\">160 tons<\/td>\n<td width=\"85\">Licencia Cat. 3306<\/td>\n<\/tr>\n<\/tbody>\n<\/table>\n<\/div>[\/vc_tta_section][vc_tta_section title=&#8221;Gr\u00faas RT&#8221; tab_id=&#8221;1495561250559-e2ec4a9e-89b7&#8243;]<div class=\"table-responsive table-style-1\">\n<table width=\"331\">\n<thead>\n<tr>\n<td width=\"96\"><strong>Modelo<\/strong><\/td>\n<td width=\"150\"><strong>Especificaciones<\/strong><\/td>\n<td width=\"85\"><strong>Motor<\/strong><\/td>\n<\/tr>\n<\/thead>\n<tbody>\n<tr>\n<td width=\"96\">RT70<\/td>\n<td width=\"150\">70 tons<\/td>\n<td width=\"85\">Cummins<\/td>\n<\/tr>\n<tr>\n<td width=\"96\">RT100<\/td>\n<td width=\"150\">100 tons<\/td>\n<td width=\"85\">Cummins<\/td>\n<\/tr>\n<\/tbody>\n<\/table>\n<\/div>[\/vc_tta_section][vc_tta_section title=&#8221;Gr\u00faas sobre Orugas&#8221; tab_id=&#8221;1495561573568-35c35014-4f0c&#8221;]<div class=\"table-responsive table-style-1\">\n<table width=\"331\">\n<thead>\n<tr>\n<td width=\"96\"><strong>Modelo<\/strong><\/td>\n<td width=\"150\"><strong>Especificaciones<\/strong><\/td>\n<td width=\"85\"><strong>Motor<\/strong><\/td>\n<\/tr>\n<\/thead>\n<tbody>\n<tr>\n<td width=\"96\">QUY55<\/td>\n<td width=\"150\">55 tons<\/td>\n<td width=\"85\">Lic. Cat 3306<\/td>\n<\/tr>\n<tr>\n<td width=\"96\">QUY75<\/td>\n<td width=\"150\">75 tons<\/td>\n<td width=\"85\">Lic. Cat 3306<\/td>\n<\/tr>\n<tr>\n<td width=\"96\">QUY130<\/td>\n<td width=\"150\">135 tons<\/td>\n<td width=\"85\">Cummins<\/td>\n<\/tr>\n<\/tbody>\n<\/table>\n<\/div>[\/vc_tta_section][vc_tta_section title=&#8221;Autoelevadores&#8221; tab_id=&#8221;1495561708105-581c7680-402a&#8221;]<div class=\"table-responsive table-style-1\">\n<table width=\"331\">\n<thead>\n<tr>\n<td width=\"96\"><strong>Modelo<\/strong><\/td>\n<td width=\"150\"><strong>Especificaciones<\/strong><\/td>\n<td width=\"85\"><strong>Motor<\/strong><\/td>\n<\/tr>\n<\/thead>\n<tbody>\n<tr>\n<td width=\"96\">XT530<\/td>\n<td width=\"150\">3.0 tons<\/td>\n<td width=\"85\">ZHEJIANG 50 HP<\/td>\n<\/tr>\n<\/tbody>\n<\/table>\n<\/div>[\/vc_tta_section][\/vc_tta_accordion][vc_empty_space height=&#8221;50px&#8221;]<div class=\"modal-container text-left\"><a class=\"btn btn-primary btn-modal  style-1\" href=\"#\" modal-link=\"1932\"><i class=\"\"><\/i> Env\u00edenos su consulta<\/a><\/div>[\/vc_column][\/vc_row]\n","protected":false},"excerpt":{"rendered":"<p>[vc_row][vc_column][vc_column_text] Tenemos la misi\u00f3n de explorar la tecnolog\u00eda de ingenier\u00eda y proporcionar soluciones para la construcci\u00f3n global y el desarrollo sostenible. [\/vc_column_text][\/vc_column][\/vc_row][vc_row][vc_column width=&#8221;1\/2&#8243;][vc_single_image image=&#8221;743&#8243; img_size=&#8221;500&#215;500&#8243;][\/vc_column][vc_column width=&#8221;1\/2&#8243;][vc_tta_accordion active_section=&#8221;&#8221; collapsible_all=&#8221;true&#8221;][vc_tta_section title=&#8221;Minicargador&#8221; tab_id=&#8221;1493226579134-a99a8597-bdabce49-d54a1e4e-16f5&#8243;][\/vc_tta_section][vc_tta_section title=&#8221;Rodillos Vibro &#8211; Compactadores &#8221; tab_id=&#8221;1495559896517-6399b52f-bab3&#8243;][\/vc_tta_section][vc_tta_section title=&#8221;Cargadores frontales de 1.0 a 2.1 m\u00b3&#8221; tab_id=&#8221;1495560060932-d7f2dfde-bd9f&#8221;][\/vc_tta_section][vc_tta_section title=&#8221;Cargadores frontales de 3.0 a 4.0 m\u00b3&#8221; tab_id=&#8221;1495560198356-c36d2f4d-17cb&#8221;][\/vc_tta_section][vc_tta_section title=&#8221;Retroexcavadoras&#8221; tab_id=&#8221;1495560527392-c11acf8b-709d&#8221;][\/vc_tta_section][vc_tta_section title=&#8221;Rodillos&#8230;<\/p>\n<div class=\"read-more-link-wrapper\"><a class=\"read-more-link\" href=\"https:\/\/www.hloos.com.ar\/index.php\/movimiento-de-suelo\/\">Read more<i class=\"icon-next\"><\/i><\/a><\/div>\n","protected":false},"author":1,"featured_media":0,"parent":0,"menu_order":0,"comment_status":"closed","ping_status":"closed","template":"","meta":[],"_links":{"self":[{"href":"https:\/\/www.hloos.com.ar\/index.php\/wp-json\/wp\/v2\/pages\/356"}],"collection":[{"href":"https:\/\/www.hloos.com.ar\/index.php\/wp-json\/wp\/v2\/pages"}],"about":[{"href":"https:\/\/www.hloos.com.ar\/index.php\/wp-json\/wp\/v2\/types\/page"}],"author":[{"embeddable":true,"href":"https:\/\/www.hloos.com.ar\/index.php\/wp-json\/wp\/v2\/users\/1"}],"replies":[{"embeddable":true,"href":"https:\/\/www.hloos.com.ar\/index.php\/wp-json\/wp\/v2\/comments?post=356"}],"version-history":[{"count":16,"href":"https:\/\/www.hloos.com.ar\/index.php\/wp-json\/wp\/v2\/pages\/356\/revisions"}],"predecessor-version":[{"id":846,"href":"https:\/\/www.hloos.com.ar\/index.php\/wp-json\/wp\/v2\/pages\/356\/revisions\/846"}],"wp:attachment":[{"href":"https:\/\/www.hloos.com.ar\/index.php\/wp-json\/wp\/v2\/media?parent=356"}],"curies":[{"name":"wp","href":"https:\/\/api.w.org\/{rel}","templated":true}]}}