{"id":280,"date":"2017-04-03T15:36:43","date_gmt":"2017-04-03T15:36:43","guid":{"rendered":"http:\/\/www.hloos.com.ar\/nuevo\/?page_id=280"},"modified":"2021-06-06T19:04:17","modified_gmt":"2021-06-06T22:04:17","slug":"torres-de-iluminacion","status":"publish","type":"page","link":"https:\/\/www.hloos.com.ar\/index.php\/sullair\/torres-de-iluminacion\/","title":{"rendered":"Torres de iluminaci\u00f3n"},"content":{"rendered":"[vc_row][vc_column][vc_column_text]\n<section class=\"title-image\">\n<header>\n<h4><span style=\"color: #000000;\">Eficiencia en iluminaci\u00f3n temporaria.<\/span><\/h4>\n<\/header>\n<\/section>\n[\/vc_column_text][\/vc_column][\/vc_row][vc_row][vc_column width=&#8221;1\/2&#8243;][vc_single_image image=&#8221;314&#8243; img_size=&#8221;500&#215;500&#8243;][\/vc_column][vc_column width=&#8221;1\/2&#8243;][vc_column_text]<span style=\"color: #000000;\">Torres de iluminaci\u00f3n Terex Amida, equipadas con motor diesel y generador el\u00e9ctrico, montados sobre trailer. Ideales para iluminaci\u00f3n temporaria. Provistos con un m\u00e1stil telesc\u00f3pico de 9,2 metros de altura accionable a trav\u00e9s de un malacate manual o el\u00e9ctrico, f\u00e1cilmente orientable 360\u00b0 en forma manual los y totalmente plegable para su transporte. Por ser de tama\u00f1o compacto y estar equipadas con cabina de protecci\u00f3n para intemperie y bajo nivel de ruido, permiten ubicarlas muy f\u00e1cilmente en lugares restringidos. Poseen una autonom\u00eda de 60 horas de funcionamiento cont\u00ednuo sin recarga de combustible. Mediante sus luminarias del tipo MH (Metal Halide) se logra un excelente nivel de iluminaci\u00f3n para aplicaciones en industrias, construcciones civiles y caminos, eventos, \u00e1reas de carga, estacionamiento, o cualquier otra actividad que requiera una soluci\u00f3n de iluminaci\u00f3n r\u00e1pida y eficiente.<\/span>[\/vc_column_text]<div class=\"table-responsive table-style-1\">\n<table width=\"530\">\n<thead>\n<tr>\n<td width=\"171\">Modelo<\/td>\n<td width=\"124\">Largo total plegada<br \/>\nm<\/td>\n<td width=\"122\">Area que ilumina<br \/>\nha<\/td>\n<td width=\"113\">Altura del mastil<br \/>\nm<\/td>\n<\/tr>\n<\/thead>\n<tbody>\n<tr>\n<td width=\"171\">Amida AL 4000<\/td>\n<td width=\"124\">4.65<\/td>\n<td width=\"122\">3<\/td>\n<td width=\"113\">9.14<\/td>\n<\/tr>\n<tr>\n<td width=\"171\">Amida AL 5000<\/td>\n<td width=\"124\">4.65<\/td>\n<td width=\"122\">3<\/td>\n<td width=\"113\">9.14<\/td>\n<\/tr>\n<tr>\n<td width=\"171\">TAB-4000<\/td>\n<td width=\"124\">4.65<\/td>\n<td width=\"122\">3<\/td>\n<td width=\"113\">9.14<\/td>\n<\/tr>\n<\/tbody>\n<\/table>\n<\/div>[vc_empty_space height=&#8221;50px&#8221;]<div class=\"modal-container text-left\"><a class=\"btn btn-primary btn-modal  style-1\" href=\"#\" modal-link=\"684\"><i class=\"\"><\/i> Env\u00edenos su consulta<\/a><\/div>[\/vc_column][\/vc_row]\n","protected":false},"excerpt":{"rendered":"<p>[vc_row][vc_column][vc_column_text] Eficiencia en iluminaci\u00f3n temporaria. [\/vc_column_text][\/vc_column][\/vc_row][vc_row][vc_column width=&#8221;1\/2&#8243;][vc_single_image image=&#8221;314&#8243; img_size=&#8221;500&#215;500&#8243;][\/vc_column][vc_column width=&#8221;1\/2&#8243;][vc_column_text]Torres de iluminaci\u00f3n Terex Amida, equipadas con motor diesel y generador el\u00e9ctrico, montados sobre trailer. Ideales para iluminaci\u00f3n temporaria. Provistos con un m\u00e1stil telesc\u00f3pico de 9,2 metros de altura accionable a trav\u00e9s de un malacate manual o el\u00e9ctrico, f\u00e1cilmente orientable 360\u00b0 en forma manual los y&#8230;<\/p>\n<div class=\"read-more-link-wrapper\"><a class=\"read-more-link\" href=\"https:\/\/www.hloos.com.ar\/index.php\/sullair\/torres-de-iluminacion\/\">Read more<i class=\"icon-next\"><\/i><\/a><\/div>\n","protected":false},"author":1,"featured_media":0,"parent":260,"menu_order":0,"comment_status":"closed","ping_status":"closed","template":"","meta":[],"_links":{"self":[{"href":"https:\/\/www.hloos.com.ar\/index.php\/wp-json\/wp\/v2\/pages\/280"}],"collection":[{"href":"https:\/\/www.hloos.com.ar\/index.php\/wp-json\/wp\/v2\/pages"}],"about":[{"href":"https:\/\/www.hloos.com.ar\/index.php\/wp-json\/wp\/v2\/types\/page"}],"author":[{"embeddable":true,"href":"https:\/\/www.hloos.com.ar\/index.php\/wp-json\/wp\/v2\/users\/1"}],"replies":[{"embeddable":true,"href":"https:\/\/www.hloos.com.ar\/index.php\/wp-json\/wp\/v2\/comments?post=280"}],"version-history":[{"count":8,"href":"https:\/\/www.hloos.com.ar\/index.php\/wp-json\/wp\/v2\/pages\/280\/revisions"}],"predecessor-version":[{"id":312,"href":"https:\/\/www.hloos.com.ar\/index.php\/wp-json\/wp\/v2\/pages\/280\/revisions\/312"}],"up":[{"embeddable":true,"href":"https:\/\/www.hloos.com.ar\/index.php\/wp-json\/wp\/v2\/pages\/260"}],"wp:attachment":[{"href":"https:\/\/www.hloos.com.ar\/index.php\/wp-json\/wp\/v2\/media?parent=280"}],"curies":[{"name":"wp","href":"https:\/\/api.w.org\/{rel}","templated":true}]}}