{"id":278,"date":"2017-04-03T15:36:18","date_gmt":"2017-04-03T15:36:18","guid":{"rendered":"http:\/\/www.hloos.com.ar\/nuevo\/?page_id=278"},"modified":"2021-06-06T17:21:59","modified_gmt":"2021-06-06T20:21:59","slug":"grupos-electrogenos","status":"publish","type":"page","link":"https:\/\/www.hloos.com.ar\/index.php\/sullair\/grupos-electrogenos\/","title":{"rendered":"Grupos electr\u00f3genos"},"content":{"rendered":"[vc_row][vc_column][vc_column_text]\n<section class=\"title-image\">\n<h4><span style=\"color: #000000;\">Equipos de 20 a 3000 kVA. Diesel y a gas.<\/span><\/h4>\n<\/section>\n[\/vc_column_text][\/vc_column][\/vc_row][vc_row][vc_column width=&#8221;1\/2&#8243;][vc_single_image image=&#8221;310&#8243; img_size=&#8221;500&#215;500&#8243;][\/vc_column][vc_column width=&#8221;1\/2&#8243;][vc_column_text]<span style=\"color: #000000;\">Generadores de energ\u00eda para alquiler y venta. Nuevos y usados, para servicio operativo continuo o stand by, con la posibilidad de trabajar en isla o en paralelo ya sea entre distintos generadores o bien con la red p\u00fablica, recargas de combustible, operaci\u00f3n en el sitio y guardias mec\u00e1nicas para responder a los requerimientos de la industria, la construcci\u00f3n y el entretenimiento.<\/span><\/p>\n<p><span style=\"color: #000000;\">M\u00e1s de 45 modelos disponibles entre 20 y 3000 kVA de potencia, montados sobre trineos fijos, trailers, con cabina para intemperie o alta insonorizaci\u00f3n.<\/span><\/p>\n<p><span style=\"color: #000000;\">Distribuimos en forma exclusiva en Argentina la l\u00ednea de grupos electr\u00f3genos y sistemas asociados marca Cummins Power Generation.<\/span>[\/vc_column_text][vc_tta_accordion active_section=&#8221;&#8221; collapsible_all=&#8221;true&#8221;][vc_tta_section title=&#8221;Grupos electr\u00f3genos a gas&#8221; tab_id=&#8221;1493226579134-a99a8597-bdab4ffe-7306&#8243;]<div class=\"table-responsive table-style-1\">\n<table width=\"142\">\n<thead>\n<tr>\n<td width=\"142\">Modelo<\/td>\n<\/tr>\n<\/thead>\n<tbody>\n<tr>\n<td width=\"142\">De 20 a 45 Kva<\/td>\n<\/tr>\n<tr>\n<td width=\"142\">De 60 a 116 Kva<\/td>\n<\/tr>\n<tr>\n<td width=\"142\">De 130 a 220 Kva<\/td>\n<\/tr>\n<tr>\n<td width=\"142\">De 250 a 400 Kva<\/td>\n<\/tr>\n<tr>\n<td width=\"142\">De 500 a 900 Kva<\/td>\n<\/tr>\n<tr>\n<td width=\"142\">De 1000 a 1875 Kva<\/td>\n<\/tr>\n<tr>\n<td width=\"142\">De 2000 a 3000 Kva<\/td>\n<\/tr>\n<\/tbody>\n<\/table>\n<\/div>[\/vc_tta_section][vc_tta_section title=&#8221;Grupos electr\u00f3genos a gas para servicio continuo&#8221; tab_id=&#8221;1493226837537-ce9f36fd-e8464ffe-7306&#8243;]<div class=\"table-responsive table-style-1\">\n<table width=\"534\">\n<thead>\n<tr>\n<td width=\"255\">Modelo<\/td>\n<td width=\"135\">Potencia<br \/>\nkVA<\/td>\n<td width=\"143\">Cilindrada<br \/>\nIt<\/td>\n<\/tr>\n<\/thead>\n<tbody>\n<tr>\n<td>C1160N5C<\/td>\n<td>1450<\/td>\n<td>60<\/td>\n<\/tr>\n<\/tbody>\n<\/table>\n<\/div>[\/vc_tta_section][vc_tta_section title=&#8221;Grupos electr\u00f3genos diesel ENV\u00cdENOS SU CONSULTA&#8221; tab_id=&#8221;1493226922764-d461a83e-eb1a4ffe-7306&#8243;]<div class=\"table-responsive table-style-1\">\n<table width=\"373\">\n<tbody>\n<tr>\n<td width=\"110\">Modelo<\/td>\n<td width=\"134\">POTENCIA kVA<\/td>\n<td width=\"129\">STANDBY kWe<\/td>\n<\/tr>\n<tr>\n<td width=\"110\"><strong>C22D5<\/strong><\/td>\n<td width=\"134\">22<\/td>\n<td width=\"129\">17.6<\/td>\n<\/tr>\n<tr>\n<td width=\"110\"><strong>C33D5<\/strong><\/td>\n<td width=\"134\">33<\/td>\n<td width=\"129\">26.4<\/td>\n<\/tr>\n<tr>\n<td width=\"110\"><strong>C44D5<\/strong><\/td>\n<td width=\"134\">44<\/td>\n<td width=\"129\">35<\/td>\n<\/tr>\n<tr>\n<td width=\"110\"><strong>C66 D5 <\/strong><\/td>\n<td width=\"134\">66<\/td>\n<td width=\"129\">53<\/td>\n<\/tr>\n<tr>\n<td width=\"110\"><strong>C90 D5<\/strong><\/td>\n<td width=\"134\">90<\/td>\n<td width=\"129\">72<\/td>\n<\/tr>\n<tr>\n<td width=\"110\"><strong>C110 D5<\/strong><\/td>\n<td width=\"134\">110<\/td>\n<td width=\"129\">88<\/td>\n<\/tr>\n<tr>\n<td width=\"110\"><strong>C120 D5<\/strong><\/td>\n<td width=\"134\">120<\/td>\n<td width=\"129\">96<\/td>\n<\/tr>\n<tr>\n<td width=\"110\"><strong>C150 D5<\/strong><\/td>\n<td width=\"134\">150<\/td>\n<td width=\"129\">120<\/td>\n<\/tr>\n<tr>\n<td width=\"110\"><strong>C180 D5<\/strong><\/td>\n<td width=\"134\">180<\/td>\n<td width=\"129\">144<\/td>\n<\/tr>\n<tr>\n<td width=\"110\"><strong>C220 D5<\/strong><\/td>\n<td width=\"134\">220<\/td>\n<td width=\"129\">176<\/td>\n<\/tr>\n<tr>\n<td width=\"110\"><strong>C250 D5<\/strong><\/td>\n<td width=\"134\">250<\/td>\n<td width=\"129\">200<\/td>\n<\/tr>\n<tr>\n<td width=\"110\"><strong>C275 D5<\/strong><\/td>\n<td width=\"134\">275<\/td>\n<td width=\"129\">220<\/td>\n<\/tr>\n<tr>\n<td width=\"110\"><strong>C330 D5<\/strong><\/td>\n<td width=\"134\">330<\/td>\n<td width=\"129\">264<\/td>\n<\/tr>\n<tr>\n<td width=\"110\"><strong>C400 D5<\/strong><\/td>\n<td width=\"134\">400<\/td>\n<td width=\"129\">320<\/td>\n<\/tr>\n<tr>\n<td width=\"110\"><strong>C440 D5<\/strong><\/td>\n<td width=\"134\">440<\/td>\n<td width=\"129\">352<\/td>\n<\/tr>\n<tr>\n<td width=\"110\"><strong>C550 D5<\/strong><\/td>\n<td width=\"134\">550<\/td>\n<td width=\"129\">440<\/td>\n<\/tr>\n<tr>\n<td width=\"110\"><strong>C700 D5<\/strong><\/td>\n<td width=\"134\">706<\/td>\n<td width=\"129\">565<\/td>\n<\/tr>\n<tr>\n<td width=\"110\"><strong>C825 D5 A<\/strong><\/td>\n<td width=\"134\">825<\/td>\n<td width=\"129\">660<\/td>\n<\/tr>\n<tr>\n<td width=\"110\"><strong>C1100 D5<\/strong><\/td>\n<td width=\"134\">1110<\/td>\n<td width=\"129\">888<\/td>\n<\/tr>\n<tr>\n<td width=\"110\"><strong>C1400 D5<\/strong><\/td>\n<td width=\"134\">1400<\/td>\n<td width=\"129\">1120<\/td>\n<\/tr>\n<tr>\n<td width=\"110\"><strong>C2000 D5<\/strong><\/td>\n<td width=\"134\">2063<\/td>\n<td width=\"129\">\u00a0\u00a0\u00a0\u00a0\u00a0\u00a0\u00a0\u00a0\u00a0\u00a0\u00a0\u00a0\u00a0\u00a0\u00a0\u00a0\u00a0\u00a0\u00a0\u00a0\u00a0\u00a0\u00a0\u00a0 1650<\/td>\n<\/tr>\n<tr>\n<td width=\"110\"><strong>C2500 D5 A<\/strong><\/td>\n<td width=\"134\">2500<\/td>\n<td width=\"129\">2000<\/td>\n<\/tr>\n<\/tbody>\n<\/table>\n<\/div>[\/vc_tta_section][\/vc_tta_accordion][vc_empty_space height=&#8221;50px&#8221;]<div class=\"modal-container text-left\"><a class=\"btn btn-primary btn-modal  style-1\" href=\"#\" modal-link=\"2146\"><i class=\"\"><\/i> Env\u00edenos su consulta<\/a><\/div>[\/vc_column][\/vc_row]\n","protected":false},"excerpt":{"rendered":"<p>[vc_row][vc_column][vc_column_text] Equipos de 20 a 3000 kVA. Diesel y a gas. [\/vc_column_text][\/vc_column][\/vc_row][vc_row][vc_column width=&#8221;1\/2&#8243;][vc_single_image image=&#8221;310&#8243; img_size=&#8221;500&#215;500&#8243;][\/vc_column][vc_column width=&#8221;1\/2&#8243;][vc_column_text]Generadores de energ\u00eda para alquiler y venta. Nuevos y usados, para servicio operativo continuo o stand by, con la posibilidad de trabajar en isla o en paralelo ya sea entre distintos generadores o bien con la red p\u00fablica, recargas de&#8230;<\/p>\n<div class=\"read-more-link-wrapper\"><a class=\"read-more-link\" href=\"https:\/\/www.hloos.com.ar\/index.php\/sullair\/grupos-electrogenos\/\">Read more<i class=\"icon-next\"><\/i><\/a><\/div>\n","protected":false},"author":1,"featured_media":0,"parent":260,"menu_order":0,"comment_status":"closed","ping_status":"closed","template":"","meta":[],"_links":{"self":[{"href":"https:\/\/www.hloos.com.ar\/index.php\/wp-json\/wp\/v2\/pages\/278"}],"collection":[{"href":"https:\/\/www.hloos.com.ar\/index.php\/wp-json\/wp\/v2\/pages"}],"about":[{"href":"https:\/\/www.hloos.com.ar\/index.php\/wp-json\/wp\/v2\/types\/page"}],"author":[{"embeddable":true,"href":"https:\/\/www.hloos.com.ar\/index.php\/wp-json\/wp\/v2\/users\/1"}],"replies":[{"embeddable":true,"href":"https:\/\/www.hloos.com.ar\/index.php\/wp-json\/wp\/v2\/comments?post=278"}],"version-history":[{"count":8,"href":"https:\/\/www.hloos.com.ar\/index.php\/wp-json\/wp\/v2\/pages\/278\/revisions"}],"predecessor-version":[{"id":670,"href":"https:\/\/www.hloos.com.ar\/index.php\/wp-json\/wp\/v2\/pages\/278\/revisions\/670"}],"up":[{"embeddable":true,"href":"https:\/\/www.hloos.com.ar\/index.php\/wp-json\/wp\/v2\/pages\/260"}],"wp:attachment":[{"href":"https:\/\/www.hloos.com.ar\/index.php\/wp-json\/wp\/v2\/media?parent=278"}],"curies":[{"name":"wp","href":"https:\/\/api.w.org\/{rel}","templated":true}]}}