{"id":272,"date":"2017-04-03T15:33:51","date_gmt":"2017-04-03T15:33:51","guid":{"rendered":"http:\/\/www.hloos.com.ar\/nuevo\/?page_id=272"},"modified":"2021-06-07T18:17:51","modified_gmt":"2021-06-07T21:17:51","slug":"plataformas-para-trabajos-es-altura","status":"publish","type":"page","link":"https:\/\/www.hloos.com.ar\/index.php\/sullair\/plataformas-para-trabajos-es-altura\/","title":{"rendered":"Plataformas para trabajos en Altura"},"content":{"rendered":"[vc_row][vc_column][vc_column_text]\n<section class=\"title-image\">\n<h4><span style=\"color: #000000;\">Elevadores Personales, Plumas y Tijeras de 2 a 45 metros, diesel y el\u00e9ctricas.<\/span><\/h4>\n<\/section>\n[\/vc_column_text][\/vc_column][\/vc_row][vc_row][vc_column width=&#8221;1\/2&#8243;][vc_single_image image=&#8221;296&#8243; img_size=&#8221;full&#8221;][\/vc_column][vc_column width=&#8221;1\/2&#8243;][vc_column_text]<span style=\"color: #000000;\">Plataformas para trabajo en altura [PTA] marca JLG, desde 2 hasta 45 metros de altura de plataforma, que ayudan a reducir los tiempos y costos operativos en los trabajos en altura. Para la construcci\u00f3n, industria, eventos y servicios.<\/span><\/p>\n<p><span style=\"color: #000000;\">Las plataformas para trabajo en altura \u2013tambi\u00e9n conocidas como cig\u00fce\u00f1as o garzas\u2013, facilitan el acceso a lugares complicados de llegar, priorizando la seguridad. M\u00e1s de 40 modelos disponibles para Alquiler y Venta.<\/span><\/p>\n<h4><span style=\"color: #000000;\">Tipos de plataformas para trabajo en altura<\/span><\/h4>\n<p><span style=\"color: #000000;\">Contamos con varios tipos de plataformas para trabajo en altura seg\u00fan su aplicaci\u00f3n: <strong>plumas<\/strong>, <strong>tijeras<\/strong> y <strong>elevadores personales<\/strong>. Ofrecemos modelos diesel y el\u00e9ctricos, que poseen distintas caracter\u00edsticas para la <strong>elevaci\u00f3n de personas y\/o herramientas<\/strong>.<\/span><\/p>\n<h4><span style=\"color: #000000;\">Aplicaciones<\/span><\/h4>\n<p><span style=\"color: #000000;\">Los elevadores personales son equipos que se utilizan para realizar, entre otras, tareas de mantenimiento y limpieza. Su ventaja es la facilidad de traslado. Las plumas y tijeras el\u00e9ctricas son ideales para trabajos en shoppings, s\u00faper e hipermercados, control de stock e inventarios en dep\u00f3sitos. Producci\u00f3n de eventos: trabajos de iluminaci\u00f3n, sonido y decoraci\u00f3n, montajes escenogr\u00e1ficos, fotograf\u00eda y filmaci\u00f3n. Las plumas y tijeras diesel permiten realizar trabajos de pintura, electricidad, instalaciones en general y montajes de grandes dimensiones.<\/span>[\/vc_column_text][vc_tta_accordion active_section=&#8221;&#8221; collapsible_all=&#8221;true&#8221;][vc_tta_section title=&#8221;Elevadores personales&#8221; tab_id=&#8221;1493229047542-693d7b67-40d9&#8243;]<div class=\"table-responsive table-style-1\">\n<table width=\"331\">\n<thead>\n<tr>\n<td width=\"76\">Modelo<\/td>\n<td width=\"170\">Altura de la plataforma<br \/>\npies [m]<\/td>\n<td width=\"85\">Capacidad<br \/>\nkg<\/td>\n<\/tr>\n<\/thead>\n<tbody>\n<tr>\n<td width=\"76\">19 AMI<\/td>\n<td width=\"170\">19 [5.89]<\/td>\n<td width=\"85\">160<\/td>\n<\/tr>\n<tr>\n<td width=\"76\">20 AM<\/td>\n<td width=\"170\">20 [6.09]<\/td>\n<td width=\"85\">160<\/td>\n<\/tr>\n<tr>\n<td width=\"76\">25 AM<\/td>\n<td width=\"170\">25 [7.62]<\/td>\n<td width=\"85\">160<\/td>\n<\/tr>\n<tr>\n<td width=\"76\">30 AM<\/td>\n<td width=\"170\">30 [9.14]<\/td>\n<td width=\"85\">135<\/td>\n<\/tr>\n<tr>\n<td width=\"76\">36 AM<\/td>\n<td width=\"170\">36 [11.05]<\/td>\n<td width=\"85\">135<\/td>\n<\/tr>\n<tr>\n<td width=\"76\">41 AM<\/td>\n<td width=\"170\">41 [12.42]<\/td>\n<td width=\"85\">135<\/td>\n<\/tr>\n<\/tbody>\n<\/table>\n<\/div>[\/vc_tta_section][vc_tta_section title=&#8221;Plumas articuladas diesel&#8221; tab_id=&#8221;1493226837537-ce9f36fd-e84672b6-849e&#8221;]<div class=\"table-responsive table-style-1\">\n<table width=\"473\">\n<thead>\n<tr>\n<td width=\"123\">Modelo<\/td>\n<td width=\"113\">Altura de la plataforma<br \/>\npies [m]<\/td>\n<td width=\"110\">Alcance horizontal<br \/>\nm<\/td>\n<td width=\"126\">Capacidad<br \/>\nkg<\/td>\n<\/tr>\n<\/thead>\n<tbody>\n<tr>\n<td width=\"123\">450 AJ<\/td>\n<td width=\"113\">45 [13.72]<\/td>\n<td width=\"110\">7.47<\/td>\n<td width=\"126\">230<\/td>\n<\/tr>\n<tr>\n<td width=\"123\">600 A<\/td>\n<td width=\"113\">60 [18.29]<\/td>\n<td width=\"110\">12.07<\/td>\n<td width=\"126\">454\/227<\/td>\n<\/tr>\n<tr>\n<td width=\"123\">600 AJ<\/td>\n<td width=\"113\">60 [18.29]<\/td>\n<td width=\"110\">12.07<\/td>\n<td width=\"126\">454\/227<\/td>\n<\/tr>\n<tr>\n<td width=\"123\">800 A<\/td>\n<td width=\"113\">80 [24.38]<\/td>\n<td width=\"110\">16.15<\/td>\n<td width=\"126\">454\/227<\/td>\n<\/tr>\n<tr>\n<td width=\"123\">800 AJ<\/td>\n<td width=\"113\">80 [24.38]<\/td>\n<td width=\"110\">16.15<\/td>\n<td width=\"126\">454\/227<\/td>\n<\/tr>\n<tr>\n<td width=\"123\">1250 AJP<\/td>\n<td width=\"113\">125 [38.1]<\/td>\n<td width=\"110\">19.25<\/td>\n<td width=\"126\">454\/227<\/td>\n<\/tr>\n<\/tbody>\n<\/table>\n<\/div>[\/vc_tta_section][vc_tta_section title=&#8221;Plumas articuladas el\u00e9ctricas&#8221; tab_id=&#8221;1493226922764-d461a83e-eb1a72b6-849e&#8221;]<div class=\"table-responsive table-style-1\">\n<table width=\"549\">\n<thead>\n<tr>\n<td width=\"123\">Modelo<\/td>\n<td width=\"142\">Altura de la plataforma<br \/>\npies [m]<\/td>\n<td width=\"142\">Alcance horizontal<br \/>\nm<\/td>\n<td width=\"142\">Capacidad<br \/>\nkg<\/td>\n<\/tr>\n<\/thead>\n<tbody>\n<tr>\n<td width=\"123\">30 E<\/td>\n<td width=\"142\">30 [9.14]<\/td>\n<td width=\"142\">4.09<\/td>\n<td width=\"142\">230<\/td>\n<\/tr>\n<tr>\n<td width=\"123\">35 E<\/td>\n<td width=\"142\">35 [10.67]<\/td>\n<td width=\"142\">6.27<\/td>\n<td width=\"142\">230<\/td>\n<\/tr>\n<tr>\n<td width=\"123\">E 300 AJP<\/td>\n<td width=\"142\">30 [9.14]<\/td>\n<td width=\"142\">6.26<\/td>\n<td width=\"142\">230<\/td>\n<\/tr>\n<tr>\n<td width=\"123\">E 400 A<\/td>\n<td width=\"142\">40 [12.19]<\/td>\n<td width=\"142\">6.32<\/td>\n<td width=\"142\">230<\/td>\n<\/tr>\n<tr>\n<td width=\"123\">E 400 A Narrow<\/td>\n<td width=\"142\">40 [12.19]<\/td>\n<td width=\"142\">6.83<\/td>\n<td width=\"142\">230<\/td>\n<\/tr>\n<tr>\n<td width=\"123\">E 450A-AJ<\/td>\n<td width=\"142\">45 [13.72]<\/td>\n<td width=\"142\">7.04\/7.24<\/td>\n<td width=\"142\">230<\/td>\n<\/tr>\n<tr>\n<td width=\"123\">E 600 J-JP<\/td>\n<td width=\"142\">60 [18.29]<\/td>\n<td width=\"142\">13.18\/13.54<\/td>\n<td width=\"142\">230<\/td>\n<\/tr>\n<tr>\n<td width=\"123\">M 600 J-JP<\/td>\n<td width=\"142\">60 [18.29]<\/td>\n<td width=\"142\">13.18\/13.54<\/td>\n<td width=\"142\">230<\/td>\n<\/tr>\n<\/tbody>\n<\/table>\n<\/div>[\/vc_tta_section][vc_tta_section title=&#8221;Plumas telesc\u00f3picas diesel&#8221; tab_id=&#8221;1493226973852-83f8ee92-3a3172b6-849e&#8221;]<div class=\"table-responsive table-style-1\">\n<table width=\"558\">\n<thead>\n<tr>\n<td width=\"123\">Modelo<\/td>\n<td width=\"142\">Altura de la plataforma<br \/>\npies [m]<\/td>\n<td width=\"151\">Alcance horizontal<br \/>\nm<\/td>\n<td width=\"142\">Capacidad<br \/>\nkg<\/td>\n<\/tr>\n<\/thead>\n<tbody>\n<tr>\n<td width=\"123\">400 S<\/td>\n<td width=\"142\">40 [12.3]<\/td>\n<td width=\"151\">10.39<\/td>\n<td width=\"142\">454\/230<\/td>\n<\/tr>\n<tr>\n<td width=\"123\">400 SJ<\/td>\n<td width=\"142\">46 [14.02]<\/td>\n<td width=\"151\">12.34<\/td>\n<td width=\"142\">230<\/td>\n<\/tr>\n<tr>\n<td width=\"123\">460 SJ<\/td>\n<td width=\"142\">46 [14,02]<\/td>\n<td width=\"151\">12.34<\/td>\n<td width=\"142\">230<\/td>\n<\/tr>\n<tr>\n<td width=\"123\">600 S<\/td>\n<td width=\"142\">60 [18.29]<\/td>\n<td width=\"151\">15.09<\/td>\n<td width=\"142\">454\/227<\/td>\n<\/tr>\n<tr>\n<td width=\"123\">600 SC<\/td>\n<td width=\"142\">60 [18.29]<\/td>\n<td width=\"151\">15.09<\/td>\n<td width=\"142\">454\/227<\/td>\n<\/tr>\n<tr>\n<td width=\"123\">660 SJ<\/td>\n<td width=\"142\">66 [20.12]<\/td>\n<td width=\"151\">17.3<\/td>\n<td width=\"142\">230<\/td>\n<\/tr>\n<tr>\n<td width=\"123\">660 SJC<\/td>\n<td width=\"142\">66 [20.12]<\/td>\n<td width=\"151\">17.3<\/td>\n<td width=\"142\">230<\/td>\n<\/tr>\n<tr>\n<td width=\"123\">800 S<\/td>\n<td width=\"142\">80 [24.38]<\/td>\n<td width=\"151\">21.64<\/td>\n<td width=\"142\">454\/227<\/td>\n<\/tr>\n<tr>\n<td width=\"123\">860 SJ<\/td>\n<td width=\"142\">86 [26.21]<\/td>\n<td width=\"151\">23.44<\/td>\n<td width=\"142\">340\/227<\/td>\n<\/tr>\n<tr>\n<td width=\"123\">1200 SJP<\/td>\n<td width=\"142\">120 [36.58]<\/td>\n<td width=\"151\">22.86\/18.30<\/td>\n<td width=\"142\">454\/227<\/td>\n<\/tr>\n<tr>\n<td width=\"123\">1350 SJP<\/td>\n<td width=\"142\">135 [41.15]<\/td>\n<td width=\"151\">24.38<\/td>\n<td width=\"142\">454\/227<\/td>\n<\/tr>\n<tr>\n<td width=\"123\">1500 SJ<\/td>\n<td width=\"142\">150 [45,70]<\/td>\n<td width=\"151\">24.38<\/td>\n<td width=\"142\">454<\/td>\n<\/tr>\n<\/tbody>\n<\/table>\n<\/div>[\/vc_tta_section][vc_tta_section title=&#8221;Tijeras el\u00e9ctricas&#8221; tab_id=&#8221;1493227034167-4fa2808b-3b4472b6-849e&#8221;]<div class=\"table-responsive table-style-1\">\n<table width=\"690\">\n<thead>\n<tr>\n<td width=\"133\">Modelo<\/td>\n<td width=\"142\">Altura de la plataforma<br \/>\npies [m]<\/td>\n<td width=\"113\">Alcance horizontal<br \/>\nm<\/td>\n<td width=\"142\">Capacidad<br \/>\nkg<\/td>\n<td width=\"161\">Fuente de potencia<br \/>\nV<\/td>\n<\/tr>\n<\/thead>\n<tbody>\n<tr>\n<td width=\"133\">1930 ES<\/td>\n<td width=\"142\">19 [5.79]<\/td>\n<td width=\"113\">0.91<\/td>\n<td width=\"142\">230<\/td>\n<td width=\"161\">Bat. (4)x6V<\/td>\n<\/tr>\n<tr>\n<td width=\"133\">1932 RS<\/td>\n<td width=\"142\">19 [5,8]<\/td>\n<td width=\"113\">0.90<\/td>\n<td width=\"142\">230<\/td>\n<td width=\"161\">Bat. (4) x 6V<\/td>\n<\/tr>\n<tr>\n<td width=\"133\">2030 ES<\/td>\n<td width=\"142\">20 [6.1]<\/td>\n<td width=\"113\">0.91<\/td>\n<td width=\"142\">340<\/td>\n<td width=\"161\">Bat. (4)x6V<\/td>\n<\/tr>\n<tr>\n<td width=\"133\">2630 ES<\/td>\n<td width=\"142\">26 [7.77]<\/td>\n<td width=\"113\">0.94<\/td>\n<td width=\"142\">230\/363<\/td>\n<td width=\"161\">Bat. (4)x6V<\/td>\n<\/tr>\n<tr>\n<td width=\"133\">2646 ES<\/td>\n<td width=\"142\">26 [7.92]<\/td>\n<td width=\"113\">0.95<\/td>\n<td width=\"142\">340\/454<\/td>\n<td width=\"161\">Bat. (4)x6V<\/td>\n<\/tr>\n<tr>\n<td width=\"133\">2658 E<\/td>\n<td width=\"142\">26 [7.92]<\/td>\n<td width=\"113\">0.10<\/td>\n<td width=\"142\">454<\/td>\n<td width=\"161\">Bat. (4)x6V<\/td>\n<\/tr>\n<tr>\n<td width=\"133\">3246 ES<\/td>\n<td width=\"142\">32 [9.75]<\/td>\n<td width=\"113\">0.10<\/td>\n<td width=\"142\">318\/454<\/td>\n<td width=\"161\">Bat. (4)x6V<\/td>\n<\/tr>\n<tr>\n<td width=\"133\">3248 RS<\/td>\n<td width=\"142\">32 [9.75]<\/td>\n<td width=\"113\">0.10<\/td>\n<td width=\"142\">320<\/td>\n<td width=\"161\">Bat. (4) x 6V<\/td>\n<\/tr>\n<tr>\n<td width=\"133\">3369 LE<\/td>\n<td width=\"142\">33 [10.06]<\/td>\n<td width=\"113\">1.23<\/td>\n<td width=\"142\">454<\/td>\n<td width=\"161\">Bat. (8)x6V<\/td>\n<\/tr>\n<tr>\n<td width=\"133\">3969 E<\/td>\n<td width=\"142\">39 [11.9]<\/td>\n<td width=\"113\">1.26<\/td>\n<td width=\"142\">340<\/td>\n<td width=\"161\">Bat. (8)x6V<\/td>\n<\/tr>\n<tr>\n<td width=\"133\">4069LE<\/td>\n<td width=\"142\">39 [11.9]<\/td>\n<td width=\"113\">1.25<\/td>\n<td width=\"142\">340<\/td>\n<td width=\"161\">Bat. (8)x6V<\/td>\n<\/tr>\n<\/tbody>\n<\/table>\n<\/div>[\/vc_tta_section][vc_tta_section title=&#8221;Tijeras todo terreno diesel &#8221; tab_id=&#8221;1493227478531-e269ab5c-ff42&#8243;]<div class=\"table-responsive table-style-1\">\n<table width=\"549\">\n<thead>\n<tr>\n<td width=\"133\">Modelo<\/td>\n<td width=\"135\">Alcance horizontal<br \/>\nm<\/td>\n<td width=\"149\">Altura de la plataforma<br \/>\npies [m]<\/td>\n<td width=\"132\">Capacidad<br \/>\nkg<\/td>\n<\/tr>\n<\/thead>\n<tbody>\n<tr>\n<td width=\"133\">260 MRT<\/td>\n<td width=\"135\"><\/td>\n<td width=\"149\">50 [15,02]<\/td>\n<td width=\"132\">907<\/td>\n<\/tr>\n<tr>\n<td width=\"133\">260 MRT<\/td>\n<td width=\"135\">1.27<\/td>\n<td width=\"149\">26 [7.92]<\/td>\n<td width=\"132\">454<\/td>\n<\/tr>\n<tr>\n<td width=\"133\">3394 RT<\/td>\n<td width=\"135\">1.30<\/td>\n<td width=\"149\">33 [10.06]<\/td>\n<td width=\"132\">680<\/td>\n<\/tr>\n<tr>\n<td width=\"133\">4394 RT<\/td>\n<td width=\"135\">1.32<\/td>\n<td width=\"149\">40 [12.19]<\/td>\n<td width=\"132\">454<\/td>\n<\/tr>\n<tr>\n<td width=\"133\">500 RTS<\/td>\n<td width=\"135\">(2) x1.23<\/td>\n<td width=\"149\">50 [15.24]<\/td>\n<td width=\"132\">1134<\/td>\n<\/tr>\n<\/tbody>\n<\/table>\n<\/div>[\/vc_tta_section][\/vc_tta_accordion][vc_empty_space height=&#8221;50px&#8221;]<div class=\"modal-container text-left\"><a class=\"btn btn-primary btn-modal  style-1\" href=\"#\" modal-link=\"2359\"><i class=\"\"><\/i> Env\u00edenos su consulta<\/a><\/div>[\/vc_column][\/vc_row]\n","protected":false},"excerpt":{"rendered":"<p>[vc_row][vc_column][vc_column_text] Elevadores Personales, Plumas y Tijeras de 2 a 45 metros, diesel y el\u00e9ctricas. [\/vc_column_text][\/vc_column][\/vc_row][vc_row][vc_column width=&#8221;1\/2&#8243;][vc_single_image image=&#8221;296&#8243; img_size=&#8221;full&#8221;][\/vc_column][vc_column width=&#8221;1\/2&#8243;][vc_column_text]Plataformas para trabajo en altura [PTA] marca JLG, desde 2 hasta 45 metros de altura de plataforma, que ayudan a reducir los tiempos y costos operativos en los trabajos en altura. Para la construcci\u00f3n, industria, eventos y&#8230;<\/p>\n<div class=\"read-more-link-wrapper\"><a class=\"read-more-link\" href=\"https:\/\/www.hloos.com.ar\/index.php\/sullair\/plataformas-para-trabajos-es-altura\/\">Read more<i class=\"icon-next\"><\/i><\/a><\/div>\n","protected":false},"author":1,"featured_media":0,"parent":260,"menu_order":0,"comment_status":"closed","ping_status":"closed","template":"","meta":[],"_links":{"self":[{"href":"https:\/\/www.hloos.com.ar\/index.php\/wp-json\/wp\/v2\/pages\/272"}],"collection":[{"href":"https:\/\/www.hloos.com.ar\/index.php\/wp-json\/wp\/v2\/pages"}],"about":[{"href":"https:\/\/www.hloos.com.ar\/index.php\/wp-json\/wp\/v2\/types\/page"}],"author":[{"embeddable":true,"href":"https:\/\/www.hloos.com.ar\/index.php\/wp-json\/wp\/v2\/users\/1"}],"replies":[{"embeddable":true,"href":"https:\/\/www.hloos.com.ar\/index.php\/wp-json\/wp\/v2\/comments?post=272"}],"version-history":[{"count":10,"href":"https:\/\/www.hloos.com.ar\/index.php\/wp-json\/wp\/v2\/pages\/272\/revisions"}],"predecessor-version":[{"id":891,"href":"https:\/\/www.hloos.com.ar\/index.php\/wp-json\/wp\/v2\/pages\/272\/revisions\/891"}],"up":[{"embeddable":true,"href":"https:\/\/www.hloos.com.ar\/index.php\/wp-json\/wp\/v2\/pages\/260"}],"wp:attachment":[{"href":"https:\/\/www.hloos.com.ar\/index.php\/wp-json\/wp\/v2\/media?parent=272"}],"curies":[{"name":"wp","href":"https:\/\/api.w.org\/{rel}","templated":true}]}}